{"id":1290,"date":"2025-03-10T12:06:20","date_gmt":"2025-03-10T10:06:20","guid":{"rendered":"https:\/\/veradatour.pinul.com\/?page_id=1290"},"modified":"2026-02-11T09:13:31","modified_gmt":"2026-02-11T07:13:31","slug":"activities","status":"publish","type":"page","link":"https:\/\/veradatour.ro\/en\/activities\/","title":{"rendered":"Activities"},"content":{"rendered":"","protected":false},"excerpt":{"rendered":"","protected":false},"author":1,"featured_media":1825,"parent":0,"menu_order":0,"comment_status":"closed","ping_status":"closed","template":"","meta":{"_acf_changed":false,"_seopress_robots_primary_cat":"","_seopress_titles_title":"Descoper\u0103 Delta Dun\u0103rii: Activit\u0103\u021bi cu Ghizi Locali","_seopress_titles_desc":"Exploreaz\u0103 Delta Dun\u0103rii cu activit\u0103\u021bi personalizate: excursii cu catamaranul, pescuit recreativ sau degust\u0103ri de vinuri locale al\u0103turi de ghizi specializa\u021bi.","_seopress_robots_index":"","footnotes":""},"class_list":["post-1290","page","type-page","status-publish","has-post-thumbnail"],"acf":[],"_links":{"self":[{"href":"https:\/\/veradatour.ro\/en\/wp-json\/wp\/v2\/pages\/1290","targetHints":{"allow":["GET"]}}],"collection":[{"href":"https:\/\/veradatour.ro\/en\/wp-json\/wp\/v2\/pages"}],"about":[{"href":"https:\/\/veradatour.ro\/en\/wp-json\/wp\/v2\/types\/page"}],"author":[{"embeddable":true,"href":"https:\/\/veradatour.ro\/en\/wp-json\/wp\/v2\/users\/1"}],"replies":[{"embeddable":true,"href":"https:\/\/veradatour.ro\/en\/wp-json\/wp\/v2\/comments?post=1290"}],"version-history":[{"count":3,"href":"https:\/\/veradatour.ro\/en\/wp-json\/wp\/v2\/pages\/1290\/revisions"}],"predecessor-version":[{"id":1986,"href":"https:\/\/veradatour.ro\/en\/wp-json\/wp\/v2\/pages\/1290\/revisions\/1986"}],"wp:featuredmedia":[{"embeddable":true,"href":"https:\/\/veradatour.ro\/en\/wp-json\/wp\/v2\/media\/1825"}],"wp:attachment":[{"href":"https:\/\/veradatour.ro\/en\/wp-json\/wp\/v2\/media?parent=1290"}],"curies":[{"name":"wp","href":"https:\/\/api.w.org\/{rel}","templated":true}]}}