{"id":1304,"date":"2025-03-10T14:37:28","date_gmt":"2025-03-10T12:37:28","guid":{"rendered":"https:\/\/veradatour.pinul.com\/?page_id=1304"},"modified":"2025-04-03T14:00:20","modified_gmt":"2025-04-03T11:00:20","slug":"boat-rentals-in-somova","status":"publish","type":"page","link":"https:\/\/veradatour.ro\/en\/boat-rentals-in-somova\/","title":{"rendered":"Boat rental in Somova"},"content":{"rendered":"","protected":false},"excerpt":{"rendered":"","protected":false},"author":1,"featured_media":1667,"parent":0,"menu_order":0,"comment_status":"closed","ping_status":"closed","template":"","meta":{"_acf_changed":false,"_seopress_robots_primary_cat":"","_seopress_titles_title":"\u00cenchiriere b\u0103rci Dun\u0103re: Descoper\u0103 Delta \u00een ritmul t\u0103u","_seopress_titles_desc":"\u00cenchiriaz\u0103 b\u0103rci la Verada Tour: exploreaz\u0103 Delta Dun\u0103rii cu b\u0103rci cu v\u00e2sle sau motor. Alege libertatea \u0219i aventura pe ape. Rezerv\u0103 acum!","_seopress_robots_index":"","footnotes":""},"class_list":["post-1304","page","type-page","status-publish","has-post-thumbnail"],"acf":[],"_links":{"self":[{"href":"https:\/\/veradatour.ro\/en\/wp-json\/wp\/v2\/pages\/1304","targetHints":{"allow":["GET"]}}],"collection":[{"href":"https:\/\/veradatour.ro\/en\/wp-json\/wp\/v2\/pages"}],"about":[{"href":"https:\/\/veradatour.ro\/en\/wp-json\/wp\/v2\/types\/page"}],"author":[{"embeddable":true,"href":"https:\/\/veradatour.ro\/en\/wp-json\/wp\/v2\/users\/1"}],"replies":[{"embeddable":true,"href":"https:\/\/veradatour.ro\/en\/wp-json\/wp\/v2\/comments?post=1304"}],"version-history":[{"count":0,"href":"https:\/\/veradatour.ro\/en\/wp-json\/wp\/v2\/pages\/1304\/revisions"}],"wp:featuredmedia":[{"embeddable":true,"href":"https:\/\/veradatour.ro\/en\/wp-json\/wp\/v2\/media\/1667"}],"wp:attachment":[{"href":"https:\/\/veradatour.ro\/en\/wp-json\/wp\/v2\/media?parent=1304"}],"curies":[{"name":"wp","href":"https:\/\/api.w.org\/{rel}","templated":true}]}}