{"id":1477,"date":"2025-03-21T12:17:56","date_gmt":"2025-03-21T10:17:56","guid":{"rendered":"https:\/\/veradatour.pinul.com\/?page_id=1477"},"modified":"2025-04-03T13:56:06","modified_gmt":"2025-04-03T10:56:06","slug":"catamaran-trips","status":"publish","type":"page","link":"https:\/\/veradatour.ro\/en\/catamaran-trips\/","title":{"rendered":"Catamaran trips"},"content":{"rendered":"","protected":false},"excerpt":{"rendered":"","protected":false},"author":1,"featured_media":1666,"parent":0,"menu_order":0,"comment_status":"closed","ping_status":"closed","template":"","meta":{"_acf_changed":false,"_seopress_robots_primary_cat":"","_seopress_titles_title":"Exploreaz\u0103 Delta Dun\u0103rii cu Catamaranul - Relaxare Autentic\u0103","_seopress_titles_desc":"Descoper\u0103 magia Deltei Dun\u0103rii cu excursii pe catamaran. Bucur\u0103-te de peisaje uimitoare \u0219i biodiversitate unic\u0103 \u00eentr-un ritm lent \u0219i relaxant!","_seopress_robots_index":"","footnotes":""},"class_list":["post-1477","page","type-page","status-publish","has-post-thumbnail"],"acf":[],"_links":{"self":[{"href":"https:\/\/veradatour.ro\/en\/wp-json\/wp\/v2\/pages\/1477","targetHints":{"allow":["GET"]}}],"collection":[{"href":"https:\/\/veradatour.ro\/en\/wp-json\/wp\/v2\/pages"}],"about":[{"href":"https:\/\/veradatour.ro\/en\/wp-json\/wp\/v2\/types\/page"}],"author":[{"embeddable":true,"href":"https:\/\/veradatour.ro\/en\/wp-json\/wp\/v2\/users\/1"}],"replies":[{"embeddable":true,"href":"https:\/\/veradatour.ro\/en\/wp-json\/wp\/v2\/comments?post=1477"}],"version-history":[{"count":0,"href":"https:\/\/veradatour.ro\/en\/wp-json\/wp\/v2\/pages\/1477\/revisions"}],"wp:featuredmedia":[{"embeddable":true,"href":"https:\/\/veradatour.ro\/en\/wp-json\/wp\/v2\/media\/1666"}],"wp:attachment":[{"href":"https:\/\/veradatour.ro\/en\/wp-json\/wp\/v2\/media?parent=1477"}],"curies":[{"name":"wp","href":"https:\/\/api.w.org\/{rel}","templated":true}]}}