{"id":17,"date":"2024-11-23T10:08:56","date_gmt":"2024-11-23T10:08:56","guid":{"rendered":"https:\/\/veradatour.pinul.com\/?page_id=17"},"modified":"2025-07-14T12:50:35","modified_gmt":"2025-07-14T09:50:35","slug":"contact","status":"publish","type":"page","link":"https:\/\/veradatour.ro\/en\/contact\/","title":{"rendered":"Contact"},"content":{"rendered":"","protected":false},"excerpt":{"rendered":"","protected":false},"author":1,"featured_media":694,"parent":0,"menu_order":0,"comment_status":"closed","ping_status":"closed","template":"","meta":{"_acf_changed":false,"_seopress_robots_primary_cat":"","_seopress_titles_title":"Ajungi Rapid la Verada Tour Guest House Somova","_seopress_titles_desc":"Bucur\u0103-te de confort \u0219i gastronomie local\u0103 la Pensiunea Verada! Rezerv\u0103 o camer\u0103 sau \u00eentreaga pensiune \u0219i exploreaz\u0103 Delta Dun\u0103rii \u0219i atrac\u021biile din zona Tulcea.","_seopress_robots_index":"","footnotes":""},"class_list":["post-17","page","type-page","status-publish","has-post-thumbnail"],"acf":[],"_links":{"self":[{"href":"https:\/\/veradatour.ro\/en\/wp-json\/wp\/v2\/pages\/17","targetHints":{"allow":["GET"]}}],"collection":[{"href":"https:\/\/veradatour.ro\/en\/wp-json\/wp\/v2\/pages"}],"about":[{"href":"https:\/\/veradatour.ro\/en\/wp-json\/wp\/v2\/types\/page"}],"author":[{"embeddable":true,"href":"https:\/\/veradatour.ro\/en\/wp-json\/wp\/v2\/users\/1"}],"replies":[{"embeddable":true,"href":"https:\/\/veradatour.ro\/en\/wp-json\/wp\/v2\/comments?post=17"}],"version-history":[{"count":1,"href":"https:\/\/veradatour.ro\/en\/wp-json\/wp\/v2\/pages\/17\/revisions"}],"predecessor-version":[{"id":1968,"href":"https:\/\/veradatour.ro\/en\/wp-json\/wp\/v2\/pages\/17\/revisions\/1968"}],"wp:featuredmedia":[{"embeddable":true,"href":"https:\/\/veradatour.ro\/en\/wp-json\/wp\/v2\/media\/694"}],"wp:attachment":[{"href":"https:\/\/veradatour.ro\/en\/wp-json\/wp\/v2\/media?parent=17"}],"curies":[{"name":"wp","href":"https:\/\/api.w.org\/{rel}","templated":true}]}}