{"id":1838,"date":"2025-04-02T06:55:59","date_gmt":"2025-04-02T03:55:59","guid":{"rendered":"https:\/\/veradatour.pinul.com\/?page_id=1838"},"modified":"2025-04-04T18:14:12","modified_gmt":"2025-04-04T15:14:12","slug":"gastronomy-in-the-danube-delta","status":"publish","type":"page","link":"https:\/\/veradatour.ro\/en\/gastronomy-in-the-danube-delta\/","title":{"rendered":"Gastronomia din Delta Dun\u0103rii"},"content":{"rendered":"","protected":false},"excerpt":{"rendered":"","protected":false},"author":1,"featured_media":1729,"parent":0,"menu_order":0,"comment_status":"closed","ping_status":"closed","template":"","meta":{"_acf_changed":false,"_seopress_robots_primary_cat":"","_seopress_titles_title":"Degust\u0103 Delicatesele din Pe\u0219te ale Deltei Dun\u0103rii","_seopress_titles_desc":"\u00cenc\u00e2nt\u0103-\u021bi papilele cu bor\u0219 de pe\u0219te sau chiftele de pe\u0219te \u00een Delta Dun\u0103rii. Bucur\u0103-te de tradi\u021biile gastronomice \u0219i arome autentice. Afl\u0103 mai mult!","_seopress_robots_index":"","footnotes":""},"class_list":["post-1838","page","type-page","status-publish","has-post-thumbnail"],"acf":[],"_links":{"self":[{"href":"https:\/\/veradatour.ro\/en\/wp-json\/wp\/v2\/pages\/1838","targetHints":{"allow":["GET"]}}],"collection":[{"href":"https:\/\/veradatour.ro\/en\/wp-json\/wp\/v2\/pages"}],"about":[{"href":"https:\/\/veradatour.ro\/en\/wp-json\/wp\/v2\/types\/page"}],"author":[{"embeddable":true,"href":"https:\/\/veradatour.ro\/en\/wp-json\/wp\/v2\/users\/1"}],"replies":[{"embeddable":true,"href":"https:\/\/veradatour.ro\/en\/wp-json\/wp\/v2\/comments?post=1838"}],"version-history":[{"count":0,"href":"https:\/\/veradatour.ro\/en\/wp-json\/wp\/v2\/pages\/1838\/revisions"}],"wp:featuredmedia":[{"embeddable":true,"href":"https:\/\/veradatour.ro\/en\/wp-json\/wp\/v2\/media\/1729"}],"wp:attachment":[{"href":"https:\/\/veradatour.ro\/en\/wp-json\/wp\/v2\/media?parent=1838"}],"curies":[{"name":"wp","href":"https:\/\/api.w.org\/{rel}","templated":true}]}}