{"id":618,"date":"2025-01-22T10:25:11","date_gmt":"2025-01-22T08:25:11","guid":{"rendered":"https:\/\/verada.pinul.com\/?page_id=618"},"modified":"2025-02-24T11:07:35","modified_gmt":"2025-02-24T09:07:35","slug":"terms-and-conditions","status":"publish","type":"page","link":"https:\/\/veradatour.ro\/en\/terms-and-conditions\/","title":{"rendered":"Terms and conditions"},"content":{"rendered":"","protected":false},"excerpt":{"rendered":"","protected":false},"author":1,"featured_media":613,"parent":0,"menu_order":0,"comment_status":"closed","ping_status":"closed","template":"","meta":{"_acf_changed":false,"_seopress_robots_primary_cat":"","_seopress_titles_title":"Rezerv\u0103 Excursii Tulcea pe VeradaTour.ro Rapid \u0219i Simplu","_seopress_titles_desc":"Descoper\u0103 Verada Tour Tulcea! Caut\u0103 \u0219i rezerv\u0103 excursii online. Alegeri variate, confirmare rapid\u0103. Viziteaz\u0103 www.veradatour.ro pentru detalii!","_seopress_robots_index":"","footnotes":""},"class_list":["post-618","page","type-page","status-publish","has-post-thumbnail"],"acf":[],"_links":{"self":[{"href":"https:\/\/veradatour.ro\/en\/wp-json\/wp\/v2\/pages\/618","targetHints":{"allow":["GET"]}}],"collection":[{"href":"https:\/\/veradatour.ro\/en\/wp-json\/wp\/v2\/pages"}],"about":[{"href":"https:\/\/veradatour.ro\/en\/wp-json\/wp\/v2\/types\/page"}],"author":[{"embeddable":true,"href":"https:\/\/veradatour.ro\/en\/wp-json\/wp\/v2\/users\/1"}],"replies":[{"embeddable":true,"href":"https:\/\/veradatour.ro\/en\/wp-json\/wp\/v2\/comments?post=618"}],"version-history":[{"count":0,"href":"https:\/\/veradatour.ro\/en\/wp-json\/wp\/v2\/pages\/618\/revisions"}],"wp:featuredmedia":[{"embeddable":true,"href":"https:\/\/veradatour.ro\/en\/wp-json\/wp\/v2\/media\/613"}],"wp:attachment":[{"href":"https:\/\/veradatour.ro\/en\/wp-json\/wp\/v2\/media?parent=618"}],"curies":[{"name":"wp","href":"https:\/\/api.w.org\/{rel}","templated":true}]}}