{"id":620,"date":"2025-01-22T10:26:18","date_gmt":"2025-01-22T08:26:18","guid":{"rendered":"https:\/\/verada.pinul.com\/?page_id=620"},"modified":"2025-02-24T11:05:47","modified_gmt":"2025-02-24T09:05:47","slug":"personal-data-processing","status":"publish","type":"page","link":"https:\/\/veradatour.ro\/en\/personal-data-processing\/","title":{"rendered":"Processing of Personal Data"},"content":{"rendered":"","protected":false},"excerpt":{"rendered":"","protected":false},"author":1,"featured_media":0,"parent":0,"menu_order":0,"comment_status":"closed","ping_status":"closed","template":"","meta":{"_acf_changed":false,"_seopress_robots_primary_cat":"","_seopress_titles_title":"Confiden\u021bialitate Date la Verada Tour: Afl\u0103 Mai Mult","_seopress_titles_desc":"Respect\u0103-\u021bi intimitatea cu politica Verada Tour. Afl\u0103 cum gestion\u0103m datele personale conform RGPD. Contacteaz\u0103-ne pentru mai multe detalii.","_seopress_robots_index":"","footnotes":""},"class_list":["post-620","page","type-page","status-publish"],"acf":[],"_links":{"self":[{"href":"https:\/\/veradatour.ro\/en\/wp-json\/wp\/v2\/pages\/620","targetHints":{"allow":["GET"]}}],"collection":[{"href":"https:\/\/veradatour.ro\/en\/wp-json\/wp\/v2\/pages"}],"about":[{"href":"https:\/\/veradatour.ro\/en\/wp-json\/wp\/v2\/types\/page"}],"author":[{"embeddable":true,"href":"https:\/\/veradatour.ro\/en\/wp-json\/wp\/v2\/users\/1"}],"replies":[{"embeddable":true,"href":"https:\/\/veradatour.ro\/en\/wp-json\/wp\/v2\/comments?post=620"}],"version-history":[{"count":0,"href":"https:\/\/veradatour.ro\/en\/wp-json\/wp\/v2\/pages\/620\/revisions"}],"wp:attachment":[{"href":"https:\/\/veradatour.ro\/en\/wp-json\/wp\/v2\/media?parent=620"}],"curies":[{"name":"wp","href":"https:\/\/api.w.org\/{rel}","templated":true}]}}