{"id":625,"date":"2025-01-22T10:30:01","date_gmt":"2025-01-22T08:30:01","guid":{"rendered":"https:\/\/verada.pinul.com\/?page_id=625"},"modified":"2025-04-03T13:54:01","modified_gmt":"2025-04-03T10:54:01","slug":"reservation-terms","status":"publish","type":"page","link":"https:\/\/veradatour.ro\/en\/reservation-terms\/","title":{"rendered":"Booking conditions"},"content":{"rendered":"","protected":false},"excerpt":{"rendered":"","protected":false},"author":1,"featured_media":694,"parent":0,"menu_order":0,"comment_status":"closed","ping_status":"closed","template":"","meta":{"_acf_changed":false,"_seopress_robots_primary_cat":"","_seopress_titles_title":"\u00cenchirieri flexibile la Pensiunea Verada din Romania","_seopress_titles_desc":"La Pensiunea Verada po\u021bi \u00eenchiria integral sau pe camere, f\u0103r\u0103 un minim de nop\u021bi! Flexibilitate la rezerv\u0103ri \u0219i anul\u0103ri. Relaxare la munte!","_seopress_robots_index":"","footnotes":""},"class_list":["post-625","page","type-page","status-publish","has-post-thumbnail"],"acf":[],"_links":{"self":[{"href":"https:\/\/veradatour.ro\/en\/wp-json\/wp\/v2\/pages\/625","targetHints":{"allow":["GET"]}}],"collection":[{"href":"https:\/\/veradatour.ro\/en\/wp-json\/wp\/v2\/pages"}],"about":[{"href":"https:\/\/veradatour.ro\/en\/wp-json\/wp\/v2\/types\/page"}],"author":[{"embeddable":true,"href":"https:\/\/veradatour.ro\/en\/wp-json\/wp\/v2\/users\/1"}],"replies":[{"embeddable":true,"href":"https:\/\/veradatour.ro\/en\/wp-json\/wp\/v2\/comments?post=625"}],"version-history":[{"count":0,"href":"https:\/\/veradatour.ro\/en\/wp-json\/wp\/v2\/pages\/625\/revisions"}],"wp:featuredmedia":[{"embeddable":true,"href":"https:\/\/veradatour.ro\/en\/wp-json\/wp\/v2\/media\/694"}],"wp:attachment":[{"href":"https:\/\/veradatour.ro\/en\/wp-json\/wp\/v2\/media?parent=625"}],"curies":[{"name":"wp","href":"https:\/\/api.w.org\/{rel}","templated":true}]}}