{"id":647,"date":"2025-01-22T11:03:20","date_gmt":"2025-01-22T09:03:20","guid":{"rendered":"https:\/\/verada.pinul.com\/?page_id=647"},"modified":"2026-02-11T08:41:40","modified_gmt":"2026-02-11T06:41:40","slug":"accommodation","status":"publish","type":"page","link":"https:\/\/veradatour.ro\/en\/accommodation\/","title":{"rendered":"Accommodation"},"content":{"rendered":"","protected":false},"excerpt":{"rendered":"","protected":false},"author":1,"featured_media":694,"parent":0,"menu_order":0,"comment_status":"closed","ping_status":"closed","template":"","meta":{"_acf_changed":false,"_seopress_robots_primary_cat":"","_seopress_titles_title":"Confort \u0219i intimitate \u00een inima Deltei Dun\u0103rii","_seopress_titles_desc":"Alege intimitatea naturii la Pensiunea La Verada, un refugiu cu decor autentic, plimb\u0103ri cu barca \u0219i apusuri de poveste. Rezerv\u0103-\u021bi sejurul de neuitat!","_seopress_robots_index":"","footnotes":""},"class_list":["post-647","page","type-page","status-publish","has-post-thumbnail"],"acf":[],"_links":{"self":[{"href":"https:\/\/veradatour.ro\/en\/wp-json\/wp\/v2\/pages\/647","targetHints":{"allow":["GET"]}}],"collection":[{"href":"https:\/\/veradatour.ro\/en\/wp-json\/wp\/v2\/pages"}],"about":[{"href":"https:\/\/veradatour.ro\/en\/wp-json\/wp\/v2\/types\/page"}],"author":[{"embeddable":true,"href":"https:\/\/veradatour.ro\/en\/wp-json\/wp\/v2\/users\/1"}],"replies":[{"embeddable":true,"href":"https:\/\/veradatour.ro\/en\/wp-json\/wp\/v2\/comments?post=647"}],"version-history":[{"count":1,"href":"https:\/\/veradatour.ro\/en\/wp-json\/wp\/v2\/pages\/647\/revisions"}],"predecessor-version":[{"id":1976,"href":"https:\/\/veradatour.ro\/en\/wp-json\/wp\/v2\/pages\/647\/revisions\/1976"}],"wp:featuredmedia":[{"embeddable":true,"href":"https:\/\/veradatour.ro\/en\/wp-json\/wp\/v2\/media\/694"}],"wp:attachment":[{"href":"https:\/\/veradatour.ro\/en\/wp-json\/wp\/v2\/media?parent=647"}],"curies":[{"name":"wp","href":"https:\/\/api.w.org\/{rel}","templated":true}]}}