{"id":649,"date":"2025-01-22T11:03:33","date_gmt":"2025-01-22T09:03:33","guid":{"rendered":"https:\/\/verada.pinul.com\/?page_id=649"},"modified":"2025-04-03T13:57:20","modified_gmt":"2025-04-03T10:57:20","slug":"tours","status":"publish","type":"page","link":"https:\/\/veradatour.ro\/en\/tours\/","title":{"rendered":"Excursii \u00een Delta Dun\u0103rii"},"content":{"rendered":"","protected":false},"excerpt":{"rendered":"","protected":false},"author":1,"featured_media":1762,"parent":0,"menu_order":0,"comment_status":"closed","ping_status":"closed","template":"","meta":{"_acf_changed":false,"_seopress_robots_primary_cat":"","_seopress_titles_title":"Excursii Unice \u00een Delta Dun\u0103rii cu Verada Tour","_seopress_titles_desc":"Descoper\u0103 Delta Dun\u0103rii cu excursii autentice. Alege b\u0103rci proprii sau catamaran, ghizi locali \u0219i experien\u021be memorabile. Rezerv\u0103 acum!","_seopress_robots_index":"","footnotes":""},"class_list":["post-649","page","type-page","status-publish","has-post-thumbnail"],"acf":[],"_links":{"self":[{"href":"https:\/\/veradatour.ro\/en\/wp-json\/wp\/v2\/pages\/649","targetHints":{"allow":["GET"]}}],"collection":[{"href":"https:\/\/veradatour.ro\/en\/wp-json\/wp\/v2\/pages"}],"about":[{"href":"https:\/\/veradatour.ro\/en\/wp-json\/wp\/v2\/types\/page"}],"author":[{"embeddable":true,"href":"https:\/\/veradatour.ro\/en\/wp-json\/wp\/v2\/users\/1"}],"replies":[{"embeddable":true,"href":"https:\/\/veradatour.ro\/en\/wp-json\/wp\/v2\/comments?post=649"}],"version-history":[{"count":0,"href":"https:\/\/veradatour.ro\/en\/wp-json\/wp\/v2\/pages\/649\/revisions"}],"wp:featuredmedia":[{"embeddable":true,"href":"https:\/\/veradatour.ro\/en\/wp-json\/wp\/v2\/media\/1762"}],"wp:attachment":[{"href":"https:\/\/veradatour.ro\/en\/wp-json\/wp\/v2\/media?parent=649"}],"curies":[{"name":"wp","href":"https:\/\/api.w.org\/{rel}","templated":true}]}}