{"id":782,"date":"2025-01-25T09:33:23","date_gmt":"2025-01-25T07:33:23","guid":{"rendered":"https:\/\/verada.pinul.com\/?page_id=782"},"modified":"2025-04-03T14:02:32","modified_gmt":"2025-04-03T11:02:32","slug":"our-story","status":"publish","type":"page","link":"https:\/\/veradatour.ro\/en\/our-story\/","title":{"rendered":"Our story"},"content":{"rendered":"","protected":false},"excerpt":{"rendered":"","protected":false},"author":1,"featured_media":694,"parent":0,"menu_order":0,"comment_status":"closed","ping_status":"closed","template":"","meta":{"_acf_changed":false,"_seopress_robots_primary_cat":"","_seopress_titles_title":"Pensiunea Verada: Oaz\u0103 de Relaxare \u00een Delta Dun\u0103rii","_seopress_titles_desc":"Bucur\u0103-te de frumuse\u021bea autentic\u0103 a Deltei Dun\u0103rii cu excursii personalizate \u0219i preparate locale delicioase la Pensiunea Verada. Descoper\u0103 ospitalitatea noastr\u0103!","_seopress_robots_index":"","footnotes":""},"class_list":["post-782","page","type-page","status-publish","has-post-thumbnail"],"acf":[],"_links":{"self":[{"href":"https:\/\/veradatour.ro\/en\/wp-json\/wp\/v2\/pages\/782","targetHints":{"allow":["GET"]}}],"collection":[{"href":"https:\/\/veradatour.ro\/en\/wp-json\/wp\/v2\/pages"}],"about":[{"href":"https:\/\/veradatour.ro\/en\/wp-json\/wp\/v2\/types\/page"}],"author":[{"embeddable":true,"href":"https:\/\/veradatour.ro\/en\/wp-json\/wp\/v2\/users\/1"}],"replies":[{"embeddable":true,"href":"https:\/\/veradatour.ro\/en\/wp-json\/wp\/v2\/comments?post=782"}],"version-history":[{"count":0,"href":"https:\/\/veradatour.ro\/en\/wp-json\/wp\/v2\/pages\/782\/revisions"}],"wp:featuredmedia":[{"embeddable":true,"href":"https:\/\/veradatour.ro\/en\/wp-json\/wp\/v2\/media\/694"}],"wp:attachment":[{"href":"https:\/\/veradatour.ro\/en\/wp-json\/wp\/v2\/media?parent=782"}],"curies":[{"name":"wp","href":"https:\/\/api.w.org\/{rel}","templated":true}]}}