{"id":1133,"date":"2025-02-24T11:20:59","date_gmt":"2025-02-24T09:20:59","guid":{"rendered":"https:\/\/veradatour.pinul.com\/?page_id=1133"},"modified":"2025-04-03T14:00:40","modified_gmt":"2025-04-03T11:00:40","slug":"hasznos-informaciok-a-hajos-tanfolyamrol","status":"publish","type":"page","link":"https:\/\/veradatour.ro\/hu\/hasznos-informaciok-a-hajos-tanfolyamrol\/","title":{"rendered":"Hasznos inform\u00e1ci\u00f3k a haj\u00f3s tanfolyamr\u00f3l"},"content":{"rendered":"","protected":false},"excerpt":{"rendered":"","protected":false},"author":1,"featured_media":1667,"parent":0,"menu_order":0,"comment_status":"closed","ping_status":"closed","template":"","meta":{"_acf_changed":false,"_seopress_robots_primary_cat":"","_seopress_titles_title":"Cursuri Ambarca\u021biuni Motor 4 Zile pentru Categoria C\/D","_seopress_titles_desc":"Ob\u021bine diplom\u0103 pentru conduc\u0103tori ambarca\u021biuni. Cursuri teoretice \u0219i practice \u00een 4 zile, cu reducere pentru ambele categorii. \u00cencepe acum aventura!","_seopress_robots_index":"","footnotes":""},"class_list":["post-1133","page","type-page","status-publish","has-post-thumbnail"],"acf":[],"_links":{"self":[{"href":"https:\/\/veradatour.ro\/hu\/wp-json\/wp\/v2\/pages\/1133","targetHints":{"allow":["GET"]}}],"collection":[{"href":"https:\/\/veradatour.ro\/hu\/wp-json\/wp\/v2\/pages"}],"about":[{"href":"https:\/\/veradatour.ro\/hu\/wp-json\/wp\/v2\/types\/page"}],"author":[{"embeddable":true,"href":"https:\/\/veradatour.ro\/hu\/wp-json\/wp\/v2\/users\/1"}],"replies":[{"embeddable":true,"href":"https:\/\/veradatour.ro\/hu\/wp-json\/wp\/v2\/comments?post=1133"}],"version-history":[{"count":0,"href":"https:\/\/veradatour.ro\/hu\/wp-json\/wp\/v2\/pages\/1133\/revisions"}],"wp:featuredmedia":[{"embeddable":true,"href":"https:\/\/veradatour.ro\/hu\/wp-json\/wp\/v2\/media\/1667"}],"wp:attachment":[{"href":"https:\/\/veradatour.ro\/hu\/wp-json\/wp\/v2\/media?parent=1133"}],"curies":[{"name":"wp","href":"https:\/\/api.w.org\/{rel}","templated":true}]}}