{"id":1293,"date":"2025-03-10T13:22:46","date_gmt":"2025-03-10T11:22:46","guid":{"rendered":"https:\/\/veradatour.pinul.com\/?page_id=1293"},"modified":"2025-04-03T14:01:03","modified_gmt":"2025-04-03T11:01:03","slug":"szabadidos-horgaszat-a-duna-deltaban","status":"publish","type":"page","link":"https:\/\/veradatour.ro\/hu\/szabadidos-horgaszat-a-duna-deltaban\/","title":{"rendered":"Szabadid\u0151s horg\u00e1szat a Duna-delt\u00e1ban"},"content":{"rendered":"","protected":false},"excerpt":{"rendered":"","protected":false},"author":1,"featured_media":1821,"parent":0,"menu_order":0,"comment_status":"closed","ping_status":"closed","template":"","meta":{"_acf_changed":false,"_seopress_robots_primary_cat":"","_seopress_titles_title":"Pescuit \u00een Delta Dun\u0103rii: Aventura vie\u021bii tale","_seopress_titles_desc":"Descoper\u0103 pescuitul recreativ \u00een Delta Dun\u0103rii: pove\u0219ti locale, ghid autorizat, echipamente incluse. Alege Verada Tour pentru o experien\u021b\u0103 autentic\u0103!","_seopress_robots_index":"","footnotes":""},"class_list":["post-1293","page","type-page","status-publish","has-post-thumbnail"],"acf":[],"_links":{"self":[{"href":"https:\/\/veradatour.ro\/hu\/wp-json\/wp\/v2\/pages\/1293","targetHints":{"allow":["GET"]}}],"collection":[{"href":"https:\/\/veradatour.ro\/hu\/wp-json\/wp\/v2\/pages"}],"about":[{"href":"https:\/\/veradatour.ro\/hu\/wp-json\/wp\/v2\/types\/page"}],"author":[{"embeddable":true,"href":"https:\/\/veradatour.ro\/hu\/wp-json\/wp\/v2\/users\/1"}],"replies":[{"embeddable":true,"href":"https:\/\/veradatour.ro\/hu\/wp-json\/wp\/v2\/comments?post=1293"}],"version-history":[{"count":0,"href":"https:\/\/veradatour.ro\/hu\/wp-json\/wp\/v2\/pages\/1293\/revisions"}],"wp:featuredmedia":[{"embeddable":true,"href":"https:\/\/veradatour.ro\/hu\/wp-json\/wp\/v2\/media\/1821"}],"wp:attachment":[{"href":"https:\/\/veradatour.ro\/hu\/wp-json\/wp\/v2\/media?parent=1293"}],"curies":[{"name":"wp","href":"https:\/\/api.w.org\/{rel}","templated":true}]}}