{"id":1489,"date":"2025-03-21T19:11:53","date_gmt":"2025-03-21T17:11:53","guid":{"rendered":"https:\/\/veradatour.pinul.com\/?page_id=1489"},"modified":"2026-02-11T09:22:30","modified_gmt":"2026-02-11T07:22:30","slug":"motorcsonak-turak","status":"publish","type":"page","link":"https:\/\/veradatour.ro\/hu\/motorcsonak-turak\/","title":{"rendered":"Motorcs\u00f3nakos kir\u00e1ndul\u00e1sok"},"content":{"rendered":"","protected":false},"excerpt":{"rendered":"","protected":false},"author":1,"featured_media":1784,"parent":0,"menu_order":0,"comment_status":"closed","ping_status":"closed","template":"","meta":{"_acf_changed":false,"_seopress_robots_primary_cat":"","_seopress_titles_title":"Descoper\u0103 Delta Dun\u0103rii cu \u0219alupa rapid\u0103 din Tulcea","_seopress_titles_desc":"Descoper\u0103 frumuse\u021bea Deltei \u00eentr-o excursie de o zi cu \u0219alupa rapid\u0103 din Tulcea. Rezerv\u0103 acum \u0219i bucur\u0103-te de experien\u021be autentice \u0219i peisaje de neuitat!","_seopress_robots_index":"","footnotes":""},"class_list":["post-1489","page","type-page","status-publish","has-post-thumbnail"],"acf":[],"_links":{"self":[{"href":"https:\/\/veradatour.ro\/hu\/wp-json\/wp\/v2\/pages\/1489","targetHints":{"allow":["GET"]}}],"collection":[{"href":"https:\/\/veradatour.ro\/hu\/wp-json\/wp\/v2\/pages"}],"about":[{"href":"https:\/\/veradatour.ro\/hu\/wp-json\/wp\/v2\/types\/page"}],"author":[{"embeddable":true,"href":"https:\/\/veradatour.ro\/hu\/wp-json\/wp\/v2\/users\/1"}],"replies":[{"embeddable":true,"href":"https:\/\/veradatour.ro\/hu\/wp-json\/wp\/v2\/comments?post=1489"}],"version-history":[{"count":1,"href":"https:\/\/veradatour.ro\/hu\/wp-json\/wp\/v2\/pages\/1489\/revisions"}],"predecessor-version":[{"id":1987,"href":"https:\/\/veradatour.ro\/hu\/wp-json\/wp\/v2\/pages\/1489\/revisions\/1987"}],"wp:featuredmedia":[{"embeddable":true,"href":"https:\/\/veradatour.ro\/hu\/wp-json\/wp\/v2\/media\/1784"}],"wp:attachment":[{"href":"https:\/\/veradatour.ro\/hu\/wp-json\/wp\/v2\/media?parent=1489"}],"curies":[{"name":"wp","href":"https:\/\/api.w.org\/{rel}","templated":true}]}}