{"id":15,"date":"2024-11-23T10:08:36","date_gmt":"2024-11-23T10:08:36","guid":{"rendered":"https:\/\/veradatour.pinul.com\/?page_id=15"},"modified":"2025-07-09T12:30:03","modified_gmt":"2025-07-09T09:30:03","slug":"home","status":"publish","type":"page","link":"https:\/\/veradatour.ro\/hu\/","title":{"rendered":"Home"},"content":{"rendered":"","protected":false},"excerpt":{"rendered":"","protected":false},"author":1,"featured_media":696,"parent":0,"menu_order":0,"comment_status":"closed","ping_status":"closed","template":"","meta":{"_acf_changed":false,"_seopress_robots_primary_cat":"","_seopress_titles_title":"Cazare si excursii in Delta Dunarii - Verada Tour","_seopress_titles_desc":"Descoper\u0103 Delta Dun\u0103rii autentic\u0103 la Verada Tour. Caz\u0103ri confortabile, excursii fascinante \u0219i gastronomie local\u0103, la doar 15 km de Tulcea!","_seopress_robots_index":"","footnotes":""},"class_list":["post-15","page","type-page","status-publish","has-post-thumbnail"],"acf":[],"_links":{"self":[{"href":"https:\/\/veradatour.ro\/hu\/wp-json\/wp\/v2\/pages\/15","targetHints":{"allow":["GET"]}}],"collection":[{"href":"https:\/\/veradatour.ro\/hu\/wp-json\/wp\/v2\/pages"}],"about":[{"href":"https:\/\/veradatour.ro\/hu\/wp-json\/wp\/v2\/types\/page"}],"author":[{"embeddable":true,"href":"https:\/\/veradatour.ro\/hu\/wp-json\/wp\/v2\/users\/1"}],"replies":[{"embeddable":true,"href":"https:\/\/veradatour.ro\/hu\/wp-json\/wp\/v2\/comments?post=15"}],"version-history":[{"count":0,"href":"https:\/\/veradatour.ro\/hu\/wp-json\/wp\/v2\/pages\/15\/revisions"}],"wp:featuredmedia":[{"embeddable":true,"href":"https:\/\/veradatour.ro\/hu\/wp-json\/wp\/v2\/media\/696"}],"wp:attachment":[{"href":"https:\/\/veradatour.ro\/hu\/wp-json\/wp\/v2\/media?parent=15"}],"curies":[{"name":"wp","href":"https:\/\/api.w.org\/{rel}","templated":true}]}}