{"id":1587,"date":"2025-03-24T08:50:48","date_gmt":"2025-03-24T06:50:48","guid":{"rendered":"https:\/\/veradatour.pinul.com\/?page_id=1587"},"modified":"2025-04-03T13:55:13","modified_gmt":"2025-04-03T10:55:13","slug":"borkostolo","status":"publish","type":"page","link":"https:\/\/veradatour.ro\/hu\/borkostolo\/","title":{"rendered":"Degust\u0103ri de vinuri"},"content":{"rendered":"","protected":false},"excerpt":{"rendered":"","protected":false},"author":1,"featured_media":1709,"parent":0,"menu_order":0,"comment_status":"closed","ping_status":"closed","template":"","meta":{"_acf_changed":false,"_seopress_robots_primary_cat":"","_seopress_titles_title":"Degust\u0103ri Vinuri Locale \u00een Inima Deltei Dun\u0103rii","_seopress_titles_desc":"Descoper\u0103 aromele unice ale cramei La Sapat\u0103; sus\u021bine antreprenorii locali \u0219i traditiile Dobrogei prin degust\u0103ri vinicole \u00een peisaje de vis.","_seopress_robots_index":"","footnotes":""},"class_list":["post-1587","page","type-page","status-publish","has-post-thumbnail"],"acf":[],"_links":{"self":[{"href":"https:\/\/veradatour.ro\/hu\/wp-json\/wp\/v2\/pages\/1587","targetHints":{"allow":["GET"]}}],"collection":[{"href":"https:\/\/veradatour.ro\/hu\/wp-json\/wp\/v2\/pages"}],"about":[{"href":"https:\/\/veradatour.ro\/hu\/wp-json\/wp\/v2\/types\/page"}],"author":[{"embeddable":true,"href":"https:\/\/veradatour.ro\/hu\/wp-json\/wp\/v2\/users\/1"}],"replies":[{"embeddable":true,"href":"https:\/\/veradatour.ro\/hu\/wp-json\/wp\/v2\/comments?post=1587"}],"version-history":[{"count":0,"href":"https:\/\/veradatour.ro\/hu\/wp-json\/wp\/v2\/pages\/1587\/revisions"}],"wp:featuredmedia":[{"embeddable":true,"href":"https:\/\/veradatour.ro\/hu\/wp-json\/wp\/v2\/media\/1709"}],"wp:attachment":[{"href":"https:\/\/veradatour.ro\/hu\/wp-json\/wp\/v2\/media?parent=1587"}],"curies":[{"name":"wp","href":"https:\/\/api.w.org\/{rel}","templated":true}]}}