{"id":1599,"date":"2025-03-24T13:36:17","date_gmt":"2025-03-24T11:36:17","guid":{"rendered":"https:\/\/veradatour.pinul.com\/?page_id=1599"},"modified":"2025-04-03T13:55:28","modified_gmt":"2025-04-03T10:55:28","slug":"lovaglas-a-hegyekben","status":"publish","type":"page","link":"https:\/\/veradatour.ro\/hu\/lovaglas-a-hegyekben\/","title":{"rendered":"Lovagl\u00e1s a M\u0103cinului-hegys\u00e9gben"},"content":{"rendered":"","protected":false},"excerpt":{"rendered":"","protected":false},"author":1,"featured_media":1603,"parent":0,"menu_order":0,"comment_status":"closed","ping_status":"closed","template":"","meta":{"_acf_changed":false,"_seopress_robots_primary_cat":"","_seopress_titles_title":"Echita\u021bie \u00een Mun\u021bii M\u0103cinului: Aventur\u0103 \u00een Dobrogea","_seopress_titles_desc":"Descoper\u0103 peisajele spectaculoase ale Mun\u021bilor M\u0103cinului \u00eentr-o c\u0103l\u0103torie c\u0103lare, ghidat de exper\u021bi \u00een zona Cerna. Aventura te a\u0219teapt\u0103!","_seopress_robots_index":"","footnotes":""},"class_list":["post-1599","page","type-page","status-publish","has-post-thumbnail"],"acf":[],"_links":{"self":[{"href":"https:\/\/veradatour.ro\/hu\/wp-json\/wp\/v2\/pages\/1599","targetHints":{"allow":["GET"]}}],"collection":[{"href":"https:\/\/veradatour.ro\/hu\/wp-json\/wp\/v2\/pages"}],"about":[{"href":"https:\/\/veradatour.ro\/hu\/wp-json\/wp\/v2\/types\/page"}],"author":[{"embeddable":true,"href":"https:\/\/veradatour.ro\/hu\/wp-json\/wp\/v2\/users\/1"}],"replies":[{"embeddable":true,"href":"https:\/\/veradatour.ro\/hu\/wp-json\/wp\/v2\/comments?post=1599"}],"version-history":[{"count":0,"href":"https:\/\/veradatour.ro\/hu\/wp-json\/wp\/v2\/pages\/1599\/revisions"}],"wp:featuredmedia":[{"embeddable":true,"href":"https:\/\/veradatour.ro\/hu\/wp-json\/wp\/v2\/media\/1603"}],"wp:attachment":[{"href":"https:\/\/veradatour.ro\/hu\/wp-json\/wp\/v2\/media?parent=1599"}],"curies":[{"name":"wp","href":"https:\/\/api.w.org\/{rel}","templated":true}]}}